{"id":416,"date":"2020-06-22T19:25:52","date_gmt":"2020-06-22T23:25:52","guid":{"rendered":"http:\/\/iqbioreu.uprrp.edu\/?page_id=416"},"modified":"2021-11-08T10:18:18","modified_gmt":"2021-11-08T14:18:18","slug":"2020-cohort","status":"publish","type":"page","link":"https:\/\/iqbioreu.uprrp.edu\/index.php\/2020-cohort\/","title":{"rendered":"THE CAST OF SEASON 2"},"content":{"rendered":"\n<div class=\"wp-block-image\"><figure class=\"alignleft is-resized\"><img loading=\"lazy\" decoding=\"async\" src=\"http:\/\/iqbioreu.uprrp.edu\/wordpress\/wp-content\/uploads\/2020\/08\/Screen-Shot-2020-08-06-at-9.50.39-AM.png\" alt=\"\" class=\"wp-image-457\" width=\"200\" height=\"200\" srcset=\"https:\/\/iqbioreu.uprrp.edu\/wordpress\/wp-content\/uploads\/2020\/08\/Screen-Shot-2020-08-06-at-9.50.39-AM.png 322w, https:\/\/iqbioreu.uprrp.edu\/wordpress\/wp-content\/uploads\/2020\/08\/Screen-Shot-2020-08-06-at-9.50.39-AM-150x150.png 150w, https:\/\/iqbioreu.uprrp.edu\/wordpress\/wp-content\/uploads\/2020\/08\/Screen-Shot-2020-08-06-at-9.50.39-AM-298x300.png 298w, https:\/\/iqbioreu.uprrp.edu\/wordpress\/wp-content\/uploads\/2020\/08\/Screen-Shot-2020-08-06-at-9.50.39-AM-100x100.png 100w\" sizes=\"(max-width: 200px) 100vw, 200px\" \/><\/figure><\/div>\n\n\n\n<p style=\"text-align:left\"><strong>Marianny Alvarado Gonzalez<\/strong> \u2013 <em>UPR Mayag\u00fcez&nbsp;&#8211;<\/em> Industrial Microbiology major with interest in genomics and bioinformatics. In her first REU experience, she worked alongside Dr. Garc\u00eda Arrar\u00e1s doing bioinformatic characterization to a putative novel gene family in the sea cucumber <em>Holothuria glaberrima<\/em>.<\/p>\n\n\n\n<div class=\"wp-block-image\"><figure class=\"alignright is-resized\"><img loading=\"lazy\" decoding=\"async\" src=\"http:\/\/iqbioreu.uprrp.edu\/wordpress\/wp-content\/uploads\/2020\/08\/Screen-Shot-2020-08-06-at-9.49.31-AM.png\" alt=\"\" class=\"wp-image-450\" width=\"200\" height=\"200\" srcset=\"https:\/\/iqbioreu.uprrp.edu\/wordpress\/wp-content\/uploads\/2020\/08\/Screen-Shot-2020-08-06-at-9.49.31-AM-150x150.png 150w, https:\/\/iqbioreu.uprrp.edu\/wordpress\/wp-content\/uploads\/2020\/08\/Screen-Shot-2020-08-06-at-9.49.31-AM-100x100.png 100w\" sizes=\"(max-width: 200px) 100vw, 200px\" \/><\/figure><\/div>\n\n\n\n<p><strong>Noah Auger<\/strong> \u2013 <em>University of Mount Olive&nbsp;\u2013<\/em>Newly converted biology major transitioning from English, who previously played Division II soccer. Under the mentorship of Dr. Jos\u00e9 Garc\u00eda-Arrar\u00e1s and Joshua Medina-Feliciano, his&nbsp; research encompasses mapping the <em>Wnt<\/em> family genes from the transcriptome of the sea cucumber <em>Holothuria glaberrima<\/em> onto its genome, then examining the differential expression of those <em>Wnt<\/em> genes during various stages of the regenerative process.<\/p>\n\n\n\n<p><strong>Christopher Ayala Griffin<\/strong> \u2013 <em>UPR R\u00edo Piedras&nbsp;\u2013&nbsp;Challenge-driven,&nbsp;problem&nbsp;solver&nbsp;interested&nbsp;in&nbsp;finding&nbsp;computational&nbsp;solutions&nbsp;to&nbsp;biological&nbsp;problems.<\/em>Christopher conducted research to develop an environment for voice programming under Dr. Patricia Ordo\u00f1ez mentorship<\/p>\n\n\n\n<div class=\"wp-block-image\"><figure class=\"alignright is-resized\"><img loading=\"lazy\" decoding=\"async\" src=\"http:\/\/iqbioreu.uprrp.edu\/wordpress\/wp-content\/uploads\/2020\/08\/Screen-Shot-2020-08-06-at-9.49.58-AM.png\" alt=\"\" class=\"wp-image-452\" width=\"200\" height=\"200\" srcset=\"https:\/\/iqbioreu.uprrp.edu\/wordpress\/wp-content\/uploads\/2020\/08\/Screen-Shot-2020-08-06-at-9.49.58-AM.png 322w, https:\/\/iqbioreu.uprrp.edu\/wordpress\/wp-content\/uploads\/2020\/08\/Screen-Shot-2020-08-06-at-9.49.58-AM-150x150.png 150w, https:\/\/iqbioreu.uprrp.edu\/wordpress\/wp-content\/uploads\/2020\/08\/Screen-Shot-2020-08-06-at-9.49.58-AM-300x300.png 300w, https:\/\/iqbioreu.uprrp.edu\/wordpress\/wp-content\/uploads\/2020\/08\/Screen-Shot-2020-08-06-at-9.49.58-AM-100x100.png 100w\" sizes=\"(max-width: 200px) 100vw, 200px\" \/><\/figure><\/div>\n\n\n\n<p><strong>Corinne Croslyn <\/strong>\u2013 <em>University of Evansville&nbsp;\u2013<\/em><strong><em>&nbsp;<\/em><\/strong>Majoring in Biology and minoring in Statistics, Corinne has a passion for genetics research. Along with her newly-found interest in programming, she works in Dr. Alfredo Ghezzi\u2019s lab to identify and cluster genes in <em>D. melanogaster<\/em> that show responses to alcohol exposure.&nbsp;<\/p>\n\n\n\n<div class=\"wp-block-image\"><figure class=\"alignleft is-resized\"><img loading=\"lazy\" decoding=\"async\" src=\"http:\/\/iqbioreu.uprrp.edu\/wordpress\/wp-content\/uploads\/2021\/11\/Screen-Shot-2021-11-08-at-10.49.00-AM.png\" alt=\"\" class=\"wp-image-549\" width=\"200\" height=\"200\" srcset=\"https:\/\/iqbioreu.uprrp.edu\/wordpress\/wp-content\/uploads\/2021\/11\/Screen-Shot-2021-11-08-at-10.49.00-AM-150x150.png 150w, https:\/\/iqbioreu.uprrp.edu\/wordpress\/wp-content\/uploads\/2021\/11\/Screen-Shot-2021-11-08-at-10.49.00-AM-100x100.png 100w\" sizes=\"(max-width: 200px) 100vw, 200px\" \/><\/figure><\/div>\n\n\n\n<p class=\"has-text-color has-very-dark-gray-color\"><strong>Ana Kilgore<\/strong> \u2013 <em>Colorado College<\/em> \u2013 Organismal Biology and Ecology major and Russian minor. Ana is interested in large-scale ecosystem processes and bioinformatics. During the summer, Ana worked with Dr. Carla Restrepo to characterize patterns of landslide occurrence in the Sierras de las Minas of Guatemala.\u00a0<\/p>\n\n\n\n<div class=\"wp-block-image\"><figure class=\"alignright is-resized\"><img loading=\"lazy\" decoding=\"async\" src=\"http:\/\/iqbioreu.uprrp.edu\/wordpress\/wp-content\/uploads\/2020\/08\/Screen-Shot-2020-08-06-at-9.50.29-AM.png\" alt=\"\" class=\"wp-image-456\" width=\"200\" height=\"200\" srcset=\"https:\/\/iqbioreu.uprrp.edu\/wordpress\/wp-content\/uploads\/2020\/08\/Screen-Shot-2020-08-06-at-9.50.29-AM-150x150.png 150w, https:\/\/iqbioreu.uprrp.edu\/wordpress\/wp-content\/uploads\/2020\/08\/Screen-Shot-2020-08-06-at-9.50.29-AM-100x100.png 100w\" sizes=\"(max-width: 200px) 100vw, 200px\" \/><\/figure><\/div>\n\n\n\n<p><strong>Ana Pemberton<\/strong> \u2013 <em>University of Wisconsin\u2013Whitewater&nbsp;\u2013<\/em>Currently studying ecology, evolution and behavior, Ana is interested in ecology, conservation and understanding how climate change impacts wildlife. This summer, she worked with Dr. Tugrul Giray to explore gene expression changes in bee colonies with capped brood. <\/p>\n\n\n\n<div class=\"wp-block-image\"><figure class=\"alignleft is-resized\"><img loading=\"lazy\" decoding=\"async\" src=\"http:\/\/iqbioreu.uprrp.edu\/wordpress\/wp-content\/uploads\/2020\/08\/Screen-Shot-2020-08-06-at-9.49.48-AM.png\" alt=\"\" class=\"wp-image-451\" width=\"200\" height=\"200\" srcset=\"https:\/\/iqbioreu.uprrp.edu\/wordpress\/wp-content\/uploads\/2020\/08\/Screen-Shot-2020-08-06-at-9.49.48-AM-150x150.png 150w, https:\/\/iqbioreu.uprrp.edu\/wordpress\/wp-content\/uploads\/2020\/08\/Screen-Shot-2020-08-06-at-9.49.48-AM-100x100.png 100w\" sizes=\"(max-width: 200px) 100vw, 200px\" \/><\/figure><\/div>\n\n\n\n<p style=\"text-align:left\"><strong>Claudia Ramos <\/strong>\u2013 <em>UPR R\u00edo Piedras&nbsp;\u2013<\/em>Molecular Biology major interested in pursuing graduate studies in Microbiology to find creative solutions to difficult problems. Her summer research with Dr. Alfredo Ghezzi consisted of analyzing long-term alcohol neuroadaptations by gene ontology.<\/p>\n\n\n\n<div class=\"wp-block-image\"><figure class=\"alignright is-resized\"><img loading=\"lazy\" decoding=\"async\" src=\"http:\/\/iqbioreu.uprrp.edu\/wordpress\/wp-content\/uploads\/2020\/08\/Screen-Shot-2020-08-06-at-9.50.13-AM.png\" alt=\"\" class=\"wp-image-454\" width=\"200\" height=\"200\" srcset=\"https:\/\/iqbioreu.uprrp.edu\/wordpress\/wp-content\/uploads\/2020\/08\/Screen-Shot-2020-08-06-at-9.50.13-AM.png 324w, https:\/\/iqbioreu.uprrp.edu\/wordpress\/wp-content\/uploads\/2020\/08\/Screen-Shot-2020-08-06-at-9.50.13-AM-150x150.png 150w, https:\/\/iqbioreu.uprrp.edu\/wordpress\/wp-content\/uploads\/2020\/08\/Screen-Shot-2020-08-06-at-9.50.13-AM-300x298.png 300w, https:\/\/iqbioreu.uprrp.edu\/wordpress\/wp-content\/uploads\/2020\/08\/Screen-Shot-2020-08-06-at-9.50.13-AM-100x100.png 100w\" sizes=\"(max-width: 200px) 100vw, 200px\" \/><\/figure><\/div>\n\n\n\n<p><strong>Jos\u00e9 Constantino S\u00e1nchez Curet <\/strong>\u2013 <em>UPR R\u00edo Piedras<\/em>&nbsp;\u2013 From the School of Communication and Computer Science, Jos\u00e9 is passionate about using applied AI and Machine Learning to halt and reverse the impact of climate change . During this summer he was working with Dr Patricia Ord\u00f3\u00f1ez in sonifying time series datasets using Support vector machines.<\/p>\n\n\n\n<div class=\"wp-block-image\"><figure class=\"alignleft is-resized\"><img loading=\"lazy\" decoding=\"async\" src=\"http:\/\/iqbioreu.uprrp.edu\/wordpress\/wp-content\/uploads\/2020\/08\/Screen-Shot-2020-08-18-at-3.26.05-PM.png\" alt=\"\" class=\"wp-image-463\" width=\"200\" height=\"200\" srcset=\"https:\/\/iqbioreu.uprrp.edu\/wordpress\/wp-content\/uploads\/2020\/08\/Screen-Shot-2020-08-18-at-3.26.05-PM.png 308w, https:\/\/iqbioreu.uprrp.edu\/wordpress\/wp-content\/uploads\/2020\/08\/Screen-Shot-2020-08-18-at-3.26.05-PM-150x150.png 150w, https:\/\/iqbioreu.uprrp.edu\/wordpress\/wp-content\/uploads\/2020\/08\/Screen-Shot-2020-08-18-at-3.26.05-PM-300x300.png 300w, https:\/\/iqbioreu.uprrp.edu\/wordpress\/wp-content\/uploads\/2020\/08\/Screen-Shot-2020-08-18-at-3.26.05-PM-100x100.png 100w\" sizes=\"(max-width: 200px) 100vw, 200px\" \/><\/figure><\/div>\n\n\n\n<p><strong>Madison Snyder <\/strong>\u2013 <em>Swarthmore College<\/em> \u2013 A student athlete majoring in Biology and Spanish, Madison is passionate about genetics research and its impact on human health. Her summer research in the Peterson Lab focused on developing gene expression networks to understand the transcriptional effects of estrogen signaling in Inflammatory Breast Cancer pathogenesis.<\/p>\n\n\n\n<div class=\"wp-block-image\"><figure class=\"alignright is-resized\"><img loading=\"lazy\" decoding=\"async\" src=\"http:\/\/iqbioreu.uprrp.edu\/wordpress\/wp-content\/uploads\/2020\/08\/Screen-Shot-2020-08-06-at-9.50.21-AM.png\" alt=\"\" class=\"wp-image-455\" width=\"200\" height=\"200\" srcset=\"https:\/\/iqbioreu.uprrp.edu\/wordpress\/wp-content\/uploads\/2020\/08\/Screen-Shot-2020-08-06-at-9.50.21-AM.png 322w, https:\/\/iqbioreu.uprrp.edu\/wordpress\/wp-content\/uploads\/2020\/08\/Screen-Shot-2020-08-06-at-9.50.21-AM-150x150.png 150w, https:\/\/iqbioreu.uprrp.edu\/wordpress\/wp-content\/uploads\/2020\/08\/Screen-Shot-2020-08-06-at-9.50.21-AM-300x298.png 300w, https:\/\/iqbioreu.uprrp.edu\/wordpress\/wp-content\/uploads\/2020\/08\/Screen-Shot-2020-08-06-at-9.50.21-AM-100x100.png 100w\" sizes=\"(max-width: 200px) 100vw, 200px\" \/><\/figure><\/div>\n\n\n\n<p><strong>Vanessa Viveros <\/strong>\u2013 <em>Los Medanos College&nbsp;\u2013<\/em>First generation undergraduate student transferring to the University of California, Riverside. Vanessa is interested in Biomedical Research for the diminishment of health disparities. During her REU she worked under the mentorship of Dr. Esther Peterson on finding novel chimeric genes specific to inflammatory breast cancer.<\/p>\n\n\n\n<h5 class=\"wp-block-heading\"><strong>Sergio Mares \u2013<em> Oklahoma State University<\/em><\/strong><\/h5>\n\n\n\n<div class=\"wp-block-image\"><figure class=\"alignleft is-resized\"><img loading=\"lazy\" decoding=\"async\" src=\"http:\/\/iqbioreu.uprrp.edu\/wordpress\/wp-content\/uploads\/2020\/08\/Screen-Shot-2020-08-06-at-9.50.05-AM.png\" alt=\"\" class=\"wp-image-453\" width=\"200\" height=\"200\" srcset=\"https:\/\/iqbioreu.uprrp.edu\/wordpress\/wp-content\/uploads\/2020\/08\/Screen-Shot-2020-08-06-at-9.50.05-AM.png 324w, https:\/\/iqbioreu.uprrp.edu\/wordpress\/wp-content\/uploads\/2020\/08\/Screen-Shot-2020-08-06-at-9.50.05-AM-150x150.png 150w, https:\/\/iqbioreu.uprrp.edu\/wordpress\/wp-content\/uploads\/2020\/08\/Screen-Shot-2020-08-06-at-9.50.05-AM-300x298.png 300w, https:\/\/iqbioreu.uprrp.edu\/wordpress\/wp-content\/uploads\/2020\/08\/Screen-Shot-2020-08-06-at-9.50.05-AM-100x100.png 100w\" sizes=\"(max-width: 200px) 100vw, 200px\" \/><figcaption>Sergio Mares \u2013 Oklahoma State University<\/figcaption><\/figure><\/div>\n\n\n\n<h5 class=\"wp-block-heading\"><strong>Otto Kailing \u2013&nbsp;<em>Oberlin College<\/em><\/strong><\/h5>\n","protected":false},"excerpt":{"rendered":"<p>Marianny Alvarado Gonzalez \u2013 UPR Mayag\u00fcez&nbsp;&#8211; Industrial Microbiology major with interest in genomics and bioinformatics. In her first REU experience, she worked alongside Dr. Garc\u00eda Arrar\u00e1s doing bioinformatic characterization to a putative novel gene family in the sea cucumber Holothuria glaberrima. Noah Auger \u2013 University of Mount Olive&nbsp;\u2013Newly converted biology major transitioning from English, who &hellip; <\/p>\n<p class=\"link-more\"><a href=\"https:\/\/iqbioreu.uprrp.edu\/index.php\/2020-cohort\/\" class=\"more-link\">Continue reading<span class=\"screen-reader-text\"> &#8220;THE CAST OF SEASON 2&#8221;<\/span><\/a><\/p>\n","protected":false},"author":2,"featured_media":0,"parent":0,"menu_order":0,"comment_status":"closed","ping_status":"closed","template":"","meta":{"footnotes":""},"_links":{"self":[{"href":"https:\/\/iqbioreu.uprrp.edu\/index.php\/wp-json\/wp\/v2\/pages\/416"}],"collection":[{"href":"https:\/\/iqbioreu.uprrp.edu\/index.php\/wp-json\/wp\/v2\/pages"}],"about":[{"href":"https:\/\/iqbioreu.uprrp.edu\/index.php\/wp-json\/wp\/v2\/types\/page"}],"author":[{"embeddable":true,"href":"https:\/\/iqbioreu.uprrp.edu\/index.php\/wp-json\/wp\/v2\/users\/2"}],"replies":[{"embeddable":true,"href":"https:\/\/iqbioreu.uprrp.edu\/index.php\/wp-json\/wp\/v2\/comments?post=416"}],"version-history":[{"count":15,"href":"https:\/\/iqbioreu.uprrp.edu\/index.php\/wp-json\/wp\/v2\/pages\/416\/revisions"}],"predecessor-version":[{"id":553,"href":"https:\/\/iqbioreu.uprrp.edu\/index.php\/wp-json\/wp\/v2\/pages\/416\/revisions\/553"}],"wp:attachment":[{"href":"https:\/\/iqbioreu.uprrp.edu\/index.php\/wp-json\/wp\/v2\/media?parent=416"}],"curies":[{"name":"wp","href":"https:\/\/api.w.org\/{rel}","templated":true}]}}