{"id":277,"date":"2019-07-13T10:55:17","date_gmt":"2019-07-13T14:55:17","guid":{"rendered":"http:\/\/iqbioreu.uprrp.edu\/?page_id=277"},"modified":"2020-10-26T13:40:13","modified_gmt":"2020-10-26T17:40:13","slug":"2019-cohort","status":"publish","type":"page","link":"https:\/\/iqbioreu.uprrp.edu\/index.php\/2019-cohort\/","title":{"rendered":"THE CAST OF SEASON 1"},"content":{"rendered":"\n<h5 class=\"wp-block-heading\" style=\"text-align:left\"><strong>PAOLA ALICEA&nbsp;\u2013&nbsp;University&nbsp;of&nbsp;Puerto&nbsp;Rico Humacao,&nbsp;Humacao,&nbsp;PR<\/strong><\/h5>\n\n\n\n<div class=\"wp-block-image\"><figure class=\"alignleft is-resized\"><img loading=\"lazy\" decoding=\"async\" src=\"http:\/\/iqbioreu.uprrp.edu\/wordpress\/wp-content\/uploads\/2019\/07\/Screen-Shot-2019-07-29-at-4.19.47-PM.png\" alt=\"\" class=\"wp-image-347\" width=\"195\" height=\"197\" srcset=\"https:\/\/iqbioreu.uprrp.edu\/wordpress\/wp-content\/uploads\/2019\/07\/Screen-Shot-2019-07-29-at-4.19.47-PM.png 390w, https:\/\/iqbioreu.uprrp.edu\/wordpress\/wp-content\/uploads\/2019\/07\/Screen-Shot-2019-07-29-at-4.19.47-PM-297x300.png 297w, https:\/\/iqbioreu.uprrp.edu\/wordpress\/wp-content\/uploads\/2019\/07\/Screen-Shot-2019-07-29-at-4.19.47-PM-100x100.png 100w\" sizes=\"(max-width: 195px) 100vw, 195px\" \/><\/figure><\/div>\n\n\n\n<p style=\"text-align:left\" class=\"has-drop-cap\">Strongly interested in all things science with a passion for plants and animals with computers coming in a close third. She currently works in Dr. Riccardo Papa\u2019s lab studying genome to phenome color diversity within <em>Heliconius melpomene<\/em> using  image analysis and Machine Learning. <\/p>\n\n\n\n<h5 class=\"wp-block-heading\" style=\"text-align:left\"><strong>ALEJANDRO ARMAS&nbsp;\u2013&nbsp;Los&nbsp;Medanos&nbsp;College,&nbsp;Pittsburg,&nbsp;CA<\/strong><\/h5>\n\n\n\n<div class=\"wp-block-image\"><figure class=\"alignright is-resized\"><img loading=\"lazy\" decoding=\"async\" src=\"http:\/\/iqbioreu.uprrp.edu\/wordpress\/wp-content\/uploads\/2019\/07\/Screen-Shot-2019-07-29-at-4.19.58-PM.png\" alt=\"\" class=\"wp-image-346\" width=\"195\" height=\"195\" srcset=\"https:\/\/iqbioreu.uprrp.edu\/wordpress\/wp-content\/uploads\/2019\/07\/Screen-Shot-2019-07-29-at-4.19.58-PM.png 390w, https:\/\/iqbioreu.uprrp.edu\/wordpress\/wp-content\/uploads\/2019\/07\/Screen-Shot-2019-07-29-at-4.19.58-PM-150x150.png 150w, https:\/\/iqbioreu.uprrp.edu\/wordpress\/wp-content\/uploads\/2019\/07\/Screen-Shot-2019-07-29-at-4.19.58-PM-300x300.png 300w, https:\/\/iqbioreu.uprrp.edu\/wordpress\/wp-content\/uploads\/2019\/07\/Screen-Shot-2019-07-29-at-4.19.58-PM-100x100.png 100w\" sizes=\"(max-width: 195px) 100vw, 195px\" \/><\/figure><\/div>\n\n\n\n<p style=\"text-align:left\" class=\"has-drop-cap\">First-generation researcher on his way to the University of California, Davis and interested in leveraging Machine Learning and Artificial Intelligence for societal good. He is inquisitive of the world, loves meeting interesting people and enjoys weight lifting in his spare time. His REU research project with Dr. Patricia Ordo\u00f1ez and Dr. Jose L. Agosto involves the clustering of time series data to find patterns in the circadian rhythms of bees.<\/p>\n\n\n\n<h5 class=\"wp-block-heading\"><strong>FRANCISCO BENITEZ \u2013 Universidad de Sagrado Coraz\u00f3n, San Juan, PR<\/strong><\/h5>\n\n\n\n<div class=\"wp-block-image\"><figure class=\"alignleft is-resized\"><img loading=\"lazy\" decoding=\"async\" src=\"http:\/\/iqbioreu.uprrp.edu\/wordpress\/wp-content\/uploads\/2019\/08\/Screen-Shot-2019-08-06-at-1.54.57-PM.png\" alt=\"\" class=\"wp-image-369\" width=\"196\" height=\"197\" srcset=\"https:\/\/iqbioreu.uprrp.edu\/wordpress\/wp-content\/uploads\/2019\/08\/Screen-Shot-2019-08-06-at-1.54.57-PM.png 392w, https:\/\/iqbioreu.uprrp.edu\/wordpress\/wp-content\/uploads\/2019\/08\/Screen-Shot-2019-08-06-at-1.54.57-PM-150x150.png 150w, https:\/\/iqbioreu.uprrp.edu\/wordpress\/wp-content\/uploads\/2019\/08\/Screen-Shot-2019-08-06-at-1.54.57-PM-298x300.png 298w, https:\/\/iqbioreu.uprrp.edu\/wordpress\/wp-content\/uploads\/2019\/08\/Screen-Shot-2019-08-06-at-1.54.57-PM-100x100.png 100w\" sizes=\"(max-width: 196px) 100vw, 196px\" \/><\/figure><\/div>\n\n\n\n<p class=\"has-drop-cap\">Senior Biology undergraduate from the University of Sagrado Coraz\u00f3n. Passionate nd committed to helping our threatened environment, particularly the ocean. During his REU he is working under the mentorship of Dr. Clifford Louime in the metagenomic analysis of Puerto Rico&#8217;s saltwater microbiota. As of August 2019, he will be studying Microbiology at the University of Puerto Rico, Humacao. <\/p>\n\n\n\n<h5 class=\"wp-block-heading\" style=\"text-align:left\"><strong>GIOVANNI CORTES \u2013 Universidad Interamericana Recinto Metro, San Juan, PR<\/strong><\/h5>\n\n\n\n<div class=\"wp-block-image\"><figure class=\"alignright is-resized\"><img loading=\"lazy\" decoding=\"async\" src=\"http:\/\/iqbioreu.uprrp.edu\/wordpress\/wp-content\/uploads\/2019\/07\/Screen-Shot-2019-07-30-at-7.04.30-PM.png\" alt=\"\" class=\"wp-image-362\" width=\"196\" height=\"196\" srcset=\"https:\/\/iqbioreu.uprrp.edu\/wordpress\/wp-content\/uploads\/2019\/07\/Screen-Shot-2019-07-30-at-7.04.30-PM.png 392w, https:\/\/iqbioreu.uprrp.edu\/wordpress\/wp-content\/uploads\/2019\/07\/Screen-Shot-2019-07-30-at-7.04.30-PM-150x150.png 150w, https:\/\/iqbioreu.uprrp.edu\/wordpress\/wp-content\/uploads\/2019\/07\/Screen-Shot-2019-07-30-at-7.04.30-PM-300x300.png 300w, https:\/\/iqbioreu.uprrp.edu\/wordpress\/wp-content\/uploads\/2019\/07\/Screen-Shot-2019-07-30-at-7.04.30-PM-100x100.png 100w\" sizes=\"(max-width: 196px) 100vw, 196px\" \/><\/figure><\/div>\n\n\n\n<p class=\"has-drop-cap\">Undergraduate researcher at the Interamerican University of Puerto Rico, majoring in Biomedical Sciences with a self-proclaimed obsession for understanding how our brain works. This summer he has had the opportunity to work under the mentorship of Dr. Jos\u00e9 Garc\u00eda-Arrar\u00e1s on a project which focuses on defining the role of different genes involved in the intestinal regeneration .<br><\/p>\n\n\n\n<h5 class=\"wp-block-heading\"><strong>ANELISSE DOMINICCI-MAURA \u2013 University&nbsp;of&nbsp;Puerto&nbsp;Rico&nbsp;R\u00edo Piedras, &nbsp;San Juan,&nbsp;PR<\/strong><\/h5>\n\n\n\n<div class=\"wp-block-image\"><figure class=\"alignleft is-resized\"><img loading=\"lazy\" decoding=\"async\" src=\"http:\/\/iqbioreu.uprrp.edu\/wordpress\/wp-content\/uploads\/2019\/07\/Screen-Shot-2019-07-29-at-4.20.11-PM.png\" alt=\"\" class=\"wp-image-345\" width=\"194\" height=\"196\" srcset=\"https:\/\/iqbioreu.uprrp.edu\/wordpress\/wp-content\/uploads\/2019\/07\/Screen-Shot-2019-07-29-at-4.20.11-PM.png 388w, https:\/\/iqbioreu.uprrp.edu\/wordpress\/wp-content\/uploads\/2019\/07\/Screen-Shot-2019-07-29-at-4.20.11-PM-297x300.png 297w, https:\/\/iqbioreu.uprrp.edu\/wordpress\/wp-content\/uploads\/2019\/07\/Screen-Shot-2019-07-29-at-4.20.11-PM-100x100.png 100w\" sizes=\"(max-width: 194px) 100vw, 194px\" \/><\/figure><\/div>\n\n\n\n<p style=\"text-align:left\" class=\"has-drop-cap\">Environmental Science undergraduate at UPR Rio Piedras. Her IQ BIO REU  project, under the guidance of Dr. Humberto Ortiz, consists of analyzing the microbial communities from the rhizospheres of <em>Tabebuia heterophylla<\/em> using metagenomic analyses. <\/p>\n\n\n\n<h5 class=\"wp-block-heading\" style=\"text-align:left\"><strong>SOULJA&nbsp;GAMBLE&nbsp;\u2013&nbsp;Madison&nbsp;College,&nbsp;Madison,&nbsp;WI<\/strong><\/h5>\n\n\n\n<div class=\"wp-block-image\"><figure class=\"alignright is-resized\"><img loading=\"lazy\" decoding=\"async\" src=\"http:\/\/iqbioreu.uprrp.edu\/wordpress\/wp-content\/uploads\/2019\/08\/Screen-Shot-2019-08-09-at-12.58.33-PM.png\" alt=\"\" class=\"wp-image-379\" width=\"195\" height=\"194\" srcset=\"https:\/\/iqbioreu.uprrp.edu\/wordpress\/wp-content\/uploads\/2019\/08\/Screen-Shot-2019-08-09-at-12.58.33-PM.png 390w, https:\/\/iqbioreu.uprrp.edu\/wordpress\/wp-content\/uploads\/2019\/08\/Screen-Shot-2019-08-09-at-12.58.33-PM-150x150.png 150w, https:\/\/iqbioreu.uprrp.edu\/wordpress\/wp-content\/uploads\/2019\/08\/Screen-Shot-2019-08-09-at-12.58.33-PM-300x298.png 300w, https:\/\/iqbioreu.uprrp.edu\/wordpress\/wp-content\/uploads\/2019\/08\/Screen-Shot-2019-08-09-at-12.58.33-PM-100x100.png 100w\" sizes=\"(max-width: 195px) 100vw, 195px\" \/><\/figure><\/div>\n\n\n\n<p style=\"text-align:left\" class=\"has-drop-cap\">Soulja is passionate about science and community service. Majoring in Biology at UW-Madison, she hopes to find innovate solutions to environmental issues through microbiology while getting younger generations interested in pursuing science paths. This summer, under Dr. Riccardo Papa, she used CRISPR-Cas 9 to edit genes in&nbsp;<em>Heliconius charthonia<\/em>&nbsp;butterflies to understand key regulatory pathways in development. Although she did not get any mutants, she was not discouraged, instead she was inspired to continue doing research until earning her Ph.D.<\/p>\n\n\n\n<h5 class=\"wp-block-heading\"><strong>SARAH MARKLAND \u2013 Oklahoma State University, Stillwater, OK<\/strong><\/h5>\n\n\n\n<div class=\"wp-block-image\"><figure class=\"alignleft is-resized\"><img loading=\"lazy\" decoding=\"async\" src=\"http:\/\/iqbioreu.uprrp.edu\/wordpress\/wp-content\/uploads\/2019\/07\/Screen-Shot-2019-07-29-at-4.18.49-PM.png\" alt=\"\" class=\"wp-image-351\" width=\"196\" height=\"196\" srcset=\"https:\/\/iqbioreu.uprrp.edu\/wordpress\/wp-content\/uploads\/2019\/07\/Screen-Shot-2019-07-29-at-4.18.49-PM.png 392w, https:\/\/iqbioreu.uprrp.edu\/wordpress\/wp-content\/uploads\/2019\/07\/Screen-Shot-2019-07-29-at-4.18.49-PM-150x150.png 150w, https:\/\/iqbioreu.uprrp.edu\/wordpress\/wp-content\/uploads\/2019\/07\/Screen-Shot-2019-07-29-at-4.18.49-PM-300x300.png 300w, https:\/\/iqbioreu.uprrp.edu\/wordpress\/wp-content\/uploads\/2019\/07\/Screen-Shot-2019-07-29-at-4.18.49-PM-100x100.png 100w\" sizes=\"(max-width: 196px) 100vw, 196px\" \/><\/figure><\/div>\n\n\n\n<p style=\"text-align:left\" class=\"has-drop-cap\">Animal Psychology major at Oklahoma State University. Her summer research project is focused on uncovering the effects of ethanol vapor on honey bees in Dr. Alfredo Ghezzi\u2019s behavioral genetics lab. She hopes to continue research that impacts conservation and preserving endangered species.<\/p>\n\n\n\n<h5 class=\"wp-block-heading\" style=\"text-align:left\"><strong>ITZAIRA MERCADO \u2013 University&nbsp;of&nbsp;Puerto&nbsp;Rico Aguadilla, Aguadilla, PR<\/strong><\/h5>\n\n\n\n<div class=\"wp-block-image\"><figure class=\"alignright is-resized\"><img loading=\"lazy\" decoding=\"async\" src=\"http:\/\/iqbioreu.uprrp.edu\/wordpress\/wp-content\/uploads\/2019\/07\/Screen-Shot-2019-07-29-at-4.19.32-PM.png\" alt=\"\" class=\"wp-image-348\" width=\"196\" height=\"195\" srcset=\"https:\/\/iqbioreu.uprrp.edu\/wordpress\/wp-content\/uploads\/2019\/07\/Screen-Shot-2019-07-29-at-4.19.32-PM.png 392w, https:\/\/iqbioreu.uprrp.edu\/wordpress\/wp-content\/uploads\/2019\/07\/Screen-Shot-2019-07-29-at-4.19.32-PM-150x150.png 150w, https:\/\/iqbioreu.uprrp.edu\/wordpress\/wp-content\/uploads\/2019\/07\/Screen-Shot-2019-07-29-at-4.19.32-PM-300x298.png 300w, https:\/\/iqbioreu.uprrp.edu\/wordpress\/wp-content\/uploads\/2019\/07\/Screen-Shot-2019-07-29-at-4.19.32-PM-100x100.png 100w\" sizes=\"(max-width: 196px) 100vw, 196px\" \/><\/figure><\/div>\n\n\n\n<p class=\"has-drop-cap\">A rising senior in Biology student at the University of Puerto Rico-Aguadilla Campus who enjoys reading, going to the beach and of course, science. This summer she is working with Dr. Esther Peterson in a project focused on studying non-genomic signaling pathways associated with tumorigenesis.<\/p>\n\n\n\n<h5 class=\"wp-block-heading\"><strong>CARLOS NAVEA \u2013 Los&nbsp;Medanos&nbsp;College,&nbsp;Pittsburg,&nbsp;CA<\/strong><\/h5>\n\n\n\n<div class=\"wp-block-image\"><figure class=\"alignleft is-resized\"><img loading=\"lazy\" decoding=\"async\" src=\"http:\/\/iqbioreu.uprrp.edu\/wordpress\/wp-content\/uploads\/2019\/08\/Screen-Shot-2019-08-06-at-1.57.42-PM.png\" alt=\"\" class=\"wp-image-370\" width=\"195\" height=\"203\" srcset=\"https:\/\/iqbioreu.uprrp.edu\/wordpress\/wp-content\/uploads\/2019\/08\/Screen-Shot-2019-08-06-at-1.57.42-PM.png 390w, https:\/\/iqbioreu.uprrp.edu\/wordpress\/wp-content\/uploads\/2019\/08\/Screen-Shot-2019-08-06-at-1.57.42-PM-288x300.png 288w\" sizes=\"(max-width: 195px) 100vw, 195px\" \/><\/figure><\/div>\n\n\n\n<p class=\"has-drop-cap\">Computer Engineering undergraduate transferring to the University of California, San Diego in the fall. He is fascinated by Artificial Intelligence and interested in Computer Vision and autonomous robots. His research with Dr. Rem\u00ed Megret\u2019s involves detecting honeybees in real-time through video with the mobile platform, Coral Edge TPU, designed by Google for local, efficient, and fast inferencing.&nbsp;<\/p>\n\n\n\n<h5 class=\"wp-block-heading\" style=\"text-align:left\"><strong>JASMIN ZAZABOI \u2013 Santa Rosa Junior College, Santa Rosa, CA<\/strong><\/h5>\n\n\n\n<div class=\"wp-block-image\"><figure class=\"alignright is-resized\"><img loading=\"lazy\" decoding=\"async\" src=\"http:\/\/iqbioreu.uprrp.edu\/wordpress\/wp-content\/uploads\/2019\/07\/Screen-Shot-2019-07-29-at-4.19.18-PM.png\" alt=\"\" class=\"wp-image-349\" width=\"195\" height=\"195\" srcset=\"https:\/\/iqbioreu.uprrp.edu\/wordpress\/wp-content\/uploads\/2019\/07\/Screen-Shot-2019-07-29-at-4.19.18-PM.png 390w, https:\/\/iqbioreu.uprrp.edu\/wordpress\/wp-content\/uploads\/2019\/07\/Screen-Shot-2019-07-29-at-4.19.18-PM-150x150.png 150w, https:\/\/iqbioreu.uprrp.edu\/wordpress\/wp-content\/uploads\/2019\/07\/Screen-Shot-2019-07-29-at-4.19.18-PM-300x300.png 300w, https:\/\/iqbioreu.uprrp.edu\/wordpress\/wp-content\/uploads\/2019\/07\/Screen-Shot-2019-07-29-at-4.19.18-PM-100x100.png 100w\" sizes=\"(max-width: 195px) 100vw, 195px\" \/><\/figure><\/div>\n\n\n\n<p class=\"has-drop-cap\">Currently working towards a bachelors in biology at Santa Rosa Junior College and applying for transfer into the University of California system this fall. This summer she is working to discover the binding preferences of mutant transcription factors in the lab of Jose Arcadio Rodriguez Martinez.<\/p>\n","protected":false},"excerpt":{"rendered":"<p>PAOLA ALICEA&nbsp;\u2013&nbsp;University&nbsp;of&nbsp;Puerto&nbsp;Rico Humacao,&nbsp;Humacao,&nbsp;PR Strongly interested in all things science with a passion for plants and animals with computers coming in a close third. She currently works in Dr. Riccardo Papa\u2019s lab studying genome to phenome color diversity within Heliconius melpomene using image analysis and Machine Learning. ALEJANDRO ARMAS&nbsp;\u2013&nbsp;Los&nbsp;Medanos&nbsp;College,&nbsp;Pittsburg,&nbsp;CA First-generation researcher on his way to the &hellip; <\/p>\n<p class=\"link-more\"><a href=\"https:\/\/iqbioreu.uprrp.edu\/index.php\/2019-cohort\/\" class=\"more-link\">Continue reading<span class=\"screen-reader-text\"> &#8220;THE CAST OF SEASON 1&#8221;<\/span><\/a><\/p>\n","protected":false},"author":2,"featured_media":0,"parent":0,"menu_order":0,"comment_status":"closed","ping_status":"closed","template":"","meta":{"footnotes":""},"_links":{"self":[{"href":"https:\/\/iqbioreu.uprrp.edu\/index.php\/wp-json\/wp\/v2\/pages\/277"}],"collection":[{"href":"https:\/\/iqbioreu.uprrp.edu\/index.php\/wp-json\/wp\/v2\/pages"}],"about":[{"href":"https:\/\/iqbioreu.uprrp.edu\/index.php\/wp-json\/wp\/v2\/types\/page"}],"author":[{"embeddable":true,"href":"https:\/\/iqbioreu.uprrp.edu\/index.php\/wp-json\/wp\/v2\/users\/2"}],"replies":[{"embeddable":true,"href":"https:\/\/iqbioreu.uprrp.edu\/index.php\/wp-json\/wp\/v2\/comments?post=277"}],"version-history":[{"count":17,"href":"https:\/\/iqbioreu.uprrp.edu\/index.php\/wp-json\/wp\/v2\/pages\/277\/revisions"}],"predecessor-version":[{"id":471,"href":"https:\/\/iqbioreu.uprrp.edu\/index.php\/wp-json\/wp\/v2\/pages\/277\/revisions\/471"}],"wp:attachment":[{"href":"https:\/\/iqbioreu.uprrp.edu\/index.php\/wp-json\/wp\/v2\/media?parent=277"}],"curies":[{"name":"wp","href":"https:\/\/api.w.org\/{rel}","templated":true}]}}